{"id":13,"date":"2022-10-25T15:22:42","date_gmt":"2022-10-25T14:22:42","guid":{"rendered":"http:\/\/www.dijon-rentalapartment.com\/?page_id=13"},"modified":"2023-04-27T12:04:22","modified_gmt":"2023-04-27T11:04:22","slug":"terms-and-conditions","status":"publish","type":"page","link":"https:\/\/www.dijon-rentalapartment.com\/fr\/terms-and-conditions\/","title":{"rendered":"Conditions G\u00e9n\u00e9rales de Vente"},"content":{"rendered":"<section class=\"wpb-content-wrapper\"><p>[vc_row][vc_column][vc_empty_space height=\u00a0\u00bb40px\u00a0\u00bb][\/vc_column][\/vc_row][vc_row][vc_column]<h3 class=\"sohohotel-title-25px sohohotel-clearfix sohohotel-title-left\">Conditions de Vente<\/h3>[\/vc_column][\/vc_row][vc_row][vc_column][vc_column_text]<span style=\"color: #616e47;\"><u>Pr\u00e9-r\u00e9servation:<br \/>\n<\/u>La r\u00e9servation devra \u00eatre accompagn\u00e9e du paiement d&rsquo;un acompte de30% du loyer total du s\u00e9jour, \u00e0 verser par virement bancaire ou Paypal.<\/span><\/p>\n<p><span style=\"color: #616e47;\"><u>Prix:<br \/>\n<\/u>Les prix incluent l<\/span><span style=\"color: #616e47;\">e loyer du s\u00e9jour dans l&rsquo;appartement, le linge de maison, l&rsquo;eau, l&rsquo;\u00e9lectricit\u00e9, l&rsquo;acc\u00e8s \u00e0 la t\u00e9l\u00e9vision, les appels t\u00e9l\u00e9phoniques vers des num\u00e9ros fixes en France et dans une centaine de pays (liste disponible dans les appartements), l&rsquo;acc\u00e8s illimit\u00e9 \u00e0 internet et toutes les taxes dont la taxe de s\u00e9jour.<\/span><br \/>\n<span style=\"color: #616e47;\">Le solde du paiement du s\u00e9jour doit \u00eatre r\u00e9gl\u00e9 par le locataire au plus tard \u00e0 l&rsquo;entr\u00e9e dans l&rsquo;appartement.<br \/>\nNos prix n&rsquo;incluent pas le m\u00e9nage de fin de s\u00e9jour, dont le montant de la prestation obligatoire d\u00e9pend de chaque appartement.<\/span><\/p>\n<p><span style=\"color: #616e47;\"><u>R\u00e9servation:<br \/>\n<\/u>La r\u00e9servation est confirm\u00e9e au moment de la reception par le locataire de notre confirmation de r\u00e9servation par e-mail.<br \/>\nToute nuit suppl\u00e9mentaire ajout\u00e9e \u00e0 votre s\u00e9jour initial sera factur\u00e9e au prorata du tarif moyen du s\u00e9jour, en fonction des disponibilit\u00e9s .<\/span><br \/>\n<span style=\"color: #616e47;\">Une fois le s\u00e9jour commenc\u00e9, tout d\u00e9part anticip\u00e9 pour quelque motif que ce soit ne fera l&rsquo;objet d&rsquo;aucun remboursement au locataire.<\/span><\/p>\n<p><span style=\"color: #616e47;\"><u>Caution:<br \/>\n<\/u>Une caution situ\u00e9e entre 460\u20ac et 800\u20ac par appartement sera demand\u00e9e \u00e0 l&rsquo;arriv\u00e9e en \u00e9change de la remise des cl\u00e9s. Cette caution sera rembours\u00e9e le jour du d\u00e9part, d\u00e9duction faite si n\u00e9cessaire:<\/span><br \/>\n<span style=\"color: #616e47;\"> &#8211; du co\u00fbt des objets cass\u00e9s ou manquants.<\/span><br \/>\n<span style=\"color: #616e47;\"> &#8211; du co\u00fbt des r\u00e9parations dans l&rsquo;appartement ou l&rsquo;immeuble caus\u00e9s par le locataire.<\/span><br \/>\n<span style=\"color: #616e47;\"> &#8211; d&rsquo;un co\u00fbt suppl\u00e9mentaire du nettoyage de l&rsquo;appartement si celui-ci \u00e9tait laiss\u00e9 anormalement sale par le locataire.<\/span><\/p>\n<p><span style=\"color: #616e47;\"><u>Arriv\u00e9e \/ D\u00e9part:<br \/>\n<\/u>Les voyageurs sont invit\u00e9s \u00e0 arriver le jour de la date stipul\u00e9e dans le contrat et doivent r\u00e9gler le solde de leur s\u00e9jour ainsi que la caution demand\u00e9e au moment de l&rsquo;entr\u00e9e dans les lieux.<\/span><br \/>\n<span style=\"color: #616e47;\">Si ces conditions ne sont pas remplies la propri\u00e9taire se r\u00e9serve le droit de relouer l&rsquo;appartement dans les 24 heures.<\/span><br \/>\n<span style=\"color: #616e47;\">Les heures d&rsquo;arriv\u00e9e sont du lundi au dimanche de 16h \u00e0 20h. Un forfait de 20 euros sera demand\u00e9 pour toute arriv\u00e9e apr\u00e8s 20h.<br \/>\nLes d\u00e9parts devront avoir lieu avant 11h, sauf accord pr\u00e9alable avec le propri\u00e9taire.<\/span><\/p>\n<p><span style=\"color: #616e47;\"><u>Etat des lieux:<br \/>\n<\/u>Le voyageur se verra remettre un \u00e9tat des lieux d\u00e9taill\u00e9 de l&rsquo;appartement au moment de son arriv\u00e9e ainsi qu&rsquo;une liste exhaustive des \u00e9quipements.<\/span><br \/>\n<span style=\"color: #616e47;\">Toute remarque au sujet de cet \u00e9tat des lieux sera \u00e0 formuler dans les 24h suivant l&rsquo;entr\u00e9e dans les lieux. Au del\u00e0 de ces 24h, l&rsquo;\u00e9tat des lieux sera consid\u00e9r\u00e9 comme accept\u00e9.<br \/>\n<\/span><span style=\"color: #616e47;\">La propri\u00e9taire des Apparts ne peut \u00eatre tenue responsable d&rsquo;\u00e9ventuels vols \u00e0 l&rsquo;int\u00e9rieur de l&rsquo;appartement lou\u00e9. Le locataire est tenu de souscrire \u00e0 une assurance personnelle pour tous les \u00e9ventuels dommages caus\u00e9s dans l&rsquo;appartement durant son s\u00e9jour. Le locataire est tenu de demander \u00e0 sa compagnie d&rsquo;assurance de le couvrir en cas de vol survenu dans l&rsquo;appartement ou autres dommages caus\u00e9s dans l&rsquo;appartement.<\/span><br \/>\n<span style=\"color: #616e47;\"> Le locataire devra signaler tout dommage caus\u00e9 dans l&rsquo;appartement ou dans les parties communes de l&rsquo;immeuble.<\/span><br \/>\n<span style=\"color: #616e47;\">Aucun \u00e9quipement ne devra sortir de l&rsquo;appartement. Tout objet cass\u00e9 ou manquant sera factur\u00e9 au locataire sur facture r\u00e9dig\u00e9e par la propri\u00e9taire des lieux.<\/span><\/p>\n<p><span style=\"color: #616e47;\"><u>Les Apparts:<br \/>\n<\/u>Les quatre appartements ne sont lou\u00e9s que pour des s\u00e9jours de courte dur\u00e9e, comme lieu de r\u00e9sidence du locataire le temps du s\u00e9jour. Chaque appartement est lou\u00e9 pour un maximum de personnes d\u00e9fini et il est strictement interdit d&rsquo;y loger un nombre sup\u00e9rieur de personnes. Chaque personne suppl\u00e9mentaire au contrat serait factur\u00e9e au prix de 230 euros par semaine.<\/span><\/p>\n<p><span style=\"color: #616e47;\"><u>Animaux domestiques \/ cigarettes:<br \/>\n<\/u>Nous n&rsquo;acceptons pas d&rsquo;animaux de compagnie et il est totalement interdit de fumer dans nos appartements, m\u00eame aux fen\u00eatres\/balcons.<\/span><\/p>\n<p><span style=\"color: #616e47;\"><u>R\u00e9clamations:<br \/>\n<\/u>Aucune r\u00e9clamation formul\u00e9e par le locataire apr\u00e8s son s\u00e9jour ne sera consid\u00e9r\u00e9e par la propri\u00e9taire des lieux..<\/span><\/p>\n<p><span style=\"color: #616e47;\"><span style=\"caret-color: #616e47;\"><u>Equipement<\/u><\/span><\/span><u style=\"color: #616e47;\">:<br \/>\n<\/u><span style=\"color: #616e47;\">Les appartements sont \u00e9quip\u00e9s de :<\/span><br \/>\n<span style=\"color: #616e47;\"> Mobilier, linge de maison (draps, serviettes de toilettes), couettes, oreillers, materiel Hi-Fi et vaisselle.<\/span><\/p>\n<p><u><span style=\"color: #616e47;\">R\u00e8gles\u00a0<span style=\"caret-color: #616e47;\">int\u00e9rieures<\/span>:<\/span><br \/>\n<\/u><span style=\"color: #616e47;\">Pour le bien des autres occupants de l&rsquo;immeuble, nous demandons \u00e0 nos locataires de respecter les r\u00e8gles de savoir-vivre comme celle de ne faire aucun bruit entre 22h et 8h, de mettre leurs d\u00e9chets dans les containers\u00a0<\/span><span style=\"color: #616e47;\">ad\u00e9quats de\u00a0l&rsquo;immeuble, etc<\/span><\/p>\n<p><span style=\"color: #616e47;\"><u>Annulations:<br \/>\n<\/u>Toute r\u00e9servation pourra \u00eatre annul\u00e9e sans frais au moins 30 jours avant la date du d\u00e9but du s\u00e9jour. L&rsquo;acompte de 30% d\u00e9j\u00e0 vers\u00e9 sera alors rembours\u00e9 par le propri\u00e9taire au locataire.<br \/>\nToute r\u00e9servation annul\u00e9e dans les 30 jours pr\u00e9c\u00e9dant le s\u00e9jour ne fera l&rsquo;objet d&rsquo;aucun remboursement de l&rsquo;acompte de 30% (p\u00e9nalit\u00e9 pour annulation tardive).<\/span>[\/vc_column_text][\/vc_column][vc_column][\/vc_column][\/vc_row]<\/p>\n<\/section>","protected":false},"excerpt":{"rendered":"<p>[vc_row][vc_column][vc_empty_space height=\u00a0\u00bb40px\u00a0\u00bb][\/vc_column][\/vc_row][vc_row][vc_column][\/vc_column][\/vc_row][vc_row][vc_column][vc_column_text]Pr\u00e9-r\u00e9servation: La r\u00e9servation devra \u00eatre accompagn\u00e9e du paiement d&rsquo;un acompte de30% du loyer total du s\u00e9jour, \u00e0 verser par virement bancaire ou Paypal. Prix: Les prix incluent le loyer du s\u00e9jour dans l&rsquo;appartement, le linge de maison, l&rsquo;eau, l&rsquo;\u00e9lectricit\u00e9, l&rsquo;acc\u00e8s \u00e0 la t\u00e9l\u00e9vision, les appels t\u00e9l\u00e9phoniques vers des num\u00e9ros fixes en France et dans<\/p>\n<a href=\"https:\/\/www.dijon-rentalapartment.com\/fr\/terms-and-conditions\/\" class=\"sohohotel-more-link\">Read More<\/a>","protected":false},"author":1,"featured_media":997,"parent":0,"menu_order":0,"comment_status":"closed","ping_status":"closed","template":"","meta":[],"_links":{"self":[{"href":"https:\/\/www.dijon-rentalapartment.com\/fr\/wp-json\/wp\/v2\/pages\/13"}],"collection":[{"href":"https:\/\/www.dijon-rentalapartment.com\/fr\/wp-json\/wp\/v2\/pages"}],"about":[{"href":"https:\/\/www.dijon-rentalapartment.com\/fr\/wp-json\/wp\/v2\/types\/page"}],"author":[{"embeddable":true,"href":"https:\/\/www.dijon-rentalapartment.com\/fr\/wp-json\/wp\/v2\/users\/1"}],"replies":[{"embeddable":true,"href":"https:\/\/www.dijon-rentalapartment.com\/fr\/wp-json\/wp\/v2\/comments?post=13"}],"version-history":[{"count":8,"href":"https:\/\/www.dijon-rentalapartment.com\/fr\/wp-json\/wp\/v2\/pages\/13\/revisions"}],"predecessor-version":[{"id":2799,"href":"https:\/\/www.dijon-rentalapartment.com\/fr\/wp-json\/wp\/v2\/pages\/13\/revisions\/2799"}],"wp:featuredmedia":[{"embeddable":true,"href":"https:\/\/www.dijon-rentalapartment.com\/fr\/wp-json\/wp\/v2\/media\/997"}],"wp:attachment":[{"href":"https:\/\/www.dijon-rentalapartment.com\/fr\/wp-json\/wp\/v2\/media?parent=13"}],"curies":[{"name":"wp","href":"https:\/\/api.w.org\/{rel}","templated":true}]}}