{"id":66,"date":"2022-10-25T08:11:00","date_gmt":"2022-10-25T07:11:00","guid":{"rendered":"http:\/\/www.dijon-rentalapartment.com\/about-us-i\/"},"modified":"2023-04-21T08:17:26","modified_gmt":"2023-04-21T07:17:26","slug":"about-us","status":"publish","type":"page","link":"https:\/\/www.dijon-rentalapartment.com\/fr\/about-us\/","title":{"rendered":"A propos de Viviane"},"content":{"rendered":"<section class=\"wpb-content-wrapper\"><p>[vc_row el_class=\u00a0\u00bbsohohotel-content-inner\u00a0\u00bb][vc_column][vc_empty_space height=\u00a0\u00bb40px\u00a0\u00bb]<h3 class=\"sohohotel-title-25px sohohotel-clearfix sohohotel-title-left\">A propos de Viviane<\/h3>[vc_column_text]Originaire de Paris, Xavier et moi sommes mari\u00e9s depuis une trentaine d&rsquo;ann\u00e9es et habitons depuis toujours \u00e0 Dijon. Nous avons la chance d&rsquo;avoir 4 adorables enfants, aujourd&rsquo;hui de jeunes adultes lanc\u00e9s dans la vie.<\/p>\n<p>Notre famille a eu la chance d&rsquo;habiter plus de 10 ans \u00e0 l&rsquo;\u00e9tranger (Mexique, Angleterre et Belgique) ce qui nous a donn\u00e9 \u00e0 tous une belle ouverture d&rsquo;esprit et la chance de parler tr\u00e8s bien l&rsquo;anglais et l&rsquo;espagnol.<\/p>\n<p>Je suis une femme enthousiaste et qui aime faire de belles rencontres. Je suis dynamique et impliqu\u00e9e dans des projets vari\u00e9s. J&rsquo;adore ma ville de Dijon et plus largement la r\u00e9gion bourguignonne qui regorge de tr\u00e9sors!<\/p>\n<p>C&rsquo;est dans ce contexte que mon mari et moi-m\u00eame nous sommes lanc\u00e9s dans l&rsquo;am\u00e9nagement de ces 4 appartements en magnifiques lieux de vie pour quiconque chercherait \u00e0 visiter notre r\u00e9gion, serait en d\u00e9placement professionnel, en vacances familiales ou en weekend romantique.<br \/>\nCes 4 appartements sont tous situ\u00e9s en plein coeur historique de Dijon et sont une vraie repr\u00e9sentation de qui nous sommes: chaleureux et accueillants.<\/p>\n<p>Habitant \u00e9galement le centre historique, tout pr\u00e8s des 4 appartements, je suis toujours disponible pour r\u00e9pondre \u00e0 vos questions ou vous guider dans l&rsquo;organisation de votre s\u00e9jour.<\/p>\n<p>En choisissant de s\u00e9journer dans l&rsquo;un de nos appartements, vous pouvez \u00eatre assur\u00e9 d&rsquo;un s\u00e9jour tr\u00e8s confortable et relaxant.<\/p>\n<p>[\/vc_column_text][vc_empty_space height=\u00a0\u00bb40px\u00a0\u00bb][\/vc_column][\/vc_row]<\/p>\n<\/section>","protected":false},"excerpt":{"rendered":"<p>[vc_row el_class=\u00a0\u00bbsohohotel-content-inner\u00a0\u00bb][vc_column][vc_empty_space height=\u00a0\u00bb40px\u00a0\u00bb][vc_column_text]Originaire de Paris, Xavier et moi sommes mari\u00e9s depuis une trentaine d&rsquo;ann\u00e9es et habitons depuis toujours \u00e0 Dijon. Nous avons la chance d&rsquo;avoir 4 adorables enfants, aujourd&rsquo;hui de jeunes adultes lanc\u00e9s dans la vie. Notre famille a eu la chance d&rsquo;habiter plus de 10 ans \u00e0 l&rsquo;\u00e9tranger (Mexique, Angleterre et Belgique) ce qui<\/p>\n<a href=\"https:\/\/www.dijon-rentalapartment.com\/fr\/about-us\/\" class=\"sohohotel-more-link\">Read More<\/a>","protected":false},"author":1,"featured_media":997,"parent":0,"menu_order":0,"comment_status":"closed","ping_status":"closed","template":"","meta":[],"_links":{"self":[{"href":"https:\/\/www.dijon-rentalapartment.com\/fr\/wp-json\/wp\/v2\/pages\/66"}],"collection":[{"href":"https:\/\/www.dijon-rentalapartment.com\/fr\/wp-json\/wp\/v2\/pages"}],"about":[{"href":"https:\/\/www.dijon-rentalapartment.com\/fr\/wp-json\/wp\/v2\/types\/page"}],"author":[{"embeddable":true,"href":"https:\/\/www.dijon-rentalapartment.com\/fr\/wp-json\/wp\/v2\/users\/1"}],"replies":[{"embeddable":true,"href":"https:\/\/www.dijon-rentalapartment.com\/fr\/wp-json\/wp\/v2\/comments?post=66"}],"version-history":[{"count":5,"href":"https:\/\/www.dijon-rentalapartment.com\/fr\/wp-json\/wp\/v2\/pages\/66\/revisions"}],"predecessor-version":[{"id":2786,"href":"https:\/\/www.dijon-rentalapartment.com\/fr\/wp-json\/wp\/v2\/pages\/66\/revisions\/2786"}],"wp:featuredmedia":[{"embeddable":true,"href":"https:\/\/www.dijon-rentalapartment.com\/fr\/wp-json\/wp\/v2\/media\/997"}],"wp:attachment":[{"href":"https:\/\/www.dijon-rentalapartment.com\/fr\/wp-json\/wp\/v2\/media?parent=66"}],"curies":[{"name":"wp","href":"https:\/\/api.w.org\/{rel}","templated":true}]}}