{"id":83,"date":"2022-10-25T08:11:01","date_gmt":"2022-10-25T07:11:01","guid":{"rendered":"http:\/\/www.dijon-rentalapartment.com\/home-i\/"},"modified":"2023-05-27T16:41:37","modified_gmt":"2023-05-27T15:41:37","slug":"accueil","status":"publish","type":"page","link":"https:\/\/www.dijon-rentalapartment.com\/fr\/","title":{"rendered":"Accueil"},"content":{"rendered":"<section class=\"wpb-content-wrapper\"><p>[vc_row fixed_width=\u00a0\u00bbtrue\u00a0\u00bb css=\u00a0\u00bb.vc_custom_1678373974481{margin-top: 50px !important;margin-right: 0px !important;margin-bottom: 0px !important;margin-left: 0px !important;border-top-width: 0px !important;border-right-width: 0px !important;border-bottom-width: 0px !important;border-left-width: 0px !important;padding-top: 0px !important;padding-right: 0px !important;padding-bottom: 0px !important;padding-left: 0px !important;background-color: #f2f2f3 !important;}\u00a0\u00bb][vc_column css=\u00a0\u00bb.vc_custom_1626769422811{margin-top: 0px !important;margin-right: 0px !important;margin-bottom: 0px !important;margin-left: 0px !important;border-top-width: 0px !important;border-right-width: 0px !important;border-bottom-width: 0px !important;border-left-width: 0px !important;padding-top: 0px !important;padding-right: 0px !important;padding-bottom: 0px !important;padding-left: 0px !important;}\u00a0\u00bb]<div class=\"flexslider\"><ul class=\"slides\"><li><div class=\"sohohotel-slider-overlay\" ><\/div><img src=\"https:\/\/www.dijon-rentalapartment.com\/fr\/wp-content\/uploads\/sites\/3\/2022\/10\/foto1.jpg\" alt=\"\" \/><\/li><li><div class=\"sohohotel-slider-overlay\" ><\/div><img src=\"https:\/\/www.dijon-rentalapartment.com\/fr\/wp-content\/uploads\/sites\/3\/2022\/10\/Pelisson-4-rue-du-palais-Dijon-WEB-08.jpg\" alt=\"\" \/><\/li><li><div class=\"sohohotel-slider-overlay\" ><\/div><img src=\"https:\/\/www.dijon-rentalapartment.com\/fr\/wp-content\/uploads\/sites\/3\/2022\/10\/chambre-Pasteur-site.jpeg\" alt=\"\" \/><\/li><li><div class=\"sohohotel-slider-overlay\" ><\/div><img src=\"https:\/\/www.dijon-rentalapartment.com\/fr\/wp-content\/uploads\/sites\/3\/2022\/10\/salle-a-manger-BE-site.jpg\" alt=\"\" \/><\/li><li><div class=\"sohohotel-slider-overlay\" ><\/div><img src=\"https:\/\/www.dijon-rentalapartment.com\/fr\/wp-content\/uploads\/sites\/3\/2023\/03\/DSC_5523-copie.jpg\" alt=\"\" \/><\/li><li><div class=\"sohohotel-slider-overlay\" ><\/div><img src=\"https:\/\/www.dijon-rentalapartment.com\/fr\/wp-content\/uploads\/sites\/3\/2023\/03\/Pelisson-4-rue-du-palais-Dijon-SITE-10.jpg\" alt=\"\" \/><\/li><\/ul><\/div>[\/vc_column][\/vc_row][vc_row css=\u00a0\u00bb.vc_custom_1666689523539{margin-top: 0px !important;margin-bottom: 0px !important;border-top-width: 0px !important;border-bottom-width: 0px !important;padding-top: 80px !important;padding-bottom: 80px !important;background-color: #f3f2e9 !important;}\u00a0\u00bb][vc_column css=\u00a0\u00bb.vc_custom_1625649524968{margin-top: 0px !important;margin-bottom: 0px !important;border-top-width: 0px !important;border-bottom-width: 0px !important;padding-top: 0px !important;padding-bottom: 0px !important;}\u00a0\u00bb]<h3 class=\"sohohotel-title-28px sohohotel-clearfix sohohotel-title-center\">Bienvenue dans nos 4 appartements<\/h3>[vc_column_text el_class=\u00a0\u00bbsohohotel-section-wrapper-1&Prime;]Install\u00e9e \u00e0 Dijon depuis une trentaine d&rsquo;ann\u00e9es, c&rsquo;est une ville que j&rsquo;affectionne tout particuli\u00e8rement. Afin que vous puissiez \u00e0 votre tour venir d\u00e9couvrir les tr\u00e9sors que regorge notre r\u00e9gion, nous mettons \u00e0 votre disposition ces 4 appartements meubl\u00e9s et de grand confort.<\/p>\n<p>Chacun de ces appartements est situ\u00e9 dans un h\u00f4tel particulier du centre historique de Dijon. Ils ont tous \u00e9t\u00e9 r\u00e9nov\u00e9s et d\u00e9cor\u00e9s avec go\u00fbt et vous y trouverez tout l&rsquo;\u00e9quipement n\u00e9cessaire pour un s\u00e9jour tr\u00e8s confortable. Selon l&rsquo;appartement, pourront y s\u00e9journer jusqu&rsquo;\u00e0 6 personnes pour une dur\u00e9e minimum de 2 nuits.<\/p>\n<p>Je vous accueillerai personnellement \u00e0 votre arriv\u00e9e \u00e0 l&rsquo;appartement et vous guiderai dans l&rsquo;organisation de votre s\u00e9jour. Vous vous sentirez rapidement chez vous que ce soit pour un s\u00e9jour romantique, du tourisme en famille ou entre amis ou encore un voyage d&rsquo;affaire.<\/p>\n<p>J&rsquo;esp\u00e8re avoir la joie de vous accueillir prochainement dans l&rsquo;appartement de votre choix \u00e0 d\u00e9couvrir sans d\u00e9lai&#8230;[\/vc_column_text][\/vc_column][\/vc_row][vc_row css=\u00a0\u00bb.vc_custom_1666707342205{margin-top: 0px !important;margin-right: 0px !important;margin-bottom: 0px !important;margin-left: 0px !important;border-top-width: 0px !important;border-right-width: 0px !important;border-bottom-width: 0px !important;border-left-width: 0px !important;padding-top: 0px !important;padding-right: 0px !important;padding-bottom: 0px !important;padding-left: 0px !important;background-color: #ffffff !important;}\u00a0\u00bb][vc_column css=\u00a0\u00bb.vc_custom_1610002239003{margin-top: 0px !important;margin-right: 0px !important;margin-bottom: 0px !important;margin-left: 0px !important;border-top-width: 0px !important;border-right-width: 0px !important;border-bottom-width: 0px !important;border-left-width: 0px !important;padding-top: 0px !important;padding-right: 0px !important;padding-bottom: 0px !important;padding-left: 0px !important;}\u00a0\u00bb]<section class=\"sohohotel-image-text-wrapper sohohotel-clearfix sohohotel-image-text-wrapper-right-align\"><div class=\"sohohotel-it-image-wrapper\" style=\"background-image:url(https:\/\/www.dijon-rentalapartment.com\/fr\/wp-content\/uploads\/sites\/3\/2022\/11\/the-family.jpg);\"><img src=\"https:\/\/www.dijon-rentalapartment.com\/fr\/wp-content\/uploads\/sites\/3\/2022\/11\/the-family.jpg\" alt=\"\" \/><\/div><div class=\"sohohotel-it-text-wrapper\" style=\"background: ;\"><h3 class=\"sohohotel-title-28px sohohotel-clearfix sohohotel-title-left\" style=\"color: #72725d;\">A propos de Viviane<\/h3><p style=\"color: ;\">Originaire de Paris, Xavier et moi sommes mari\u00e9s depuis une trentaine d\u2019ann\u00e9es et habitons depuis toujours \u00e0 Dijon. Nous avons la chance d\u2019avoir 4 adorables enfants, aujourd\u2019hui de jeunes adultes lanc\u00e9s dans la vie.\u00a0Notre famille a eu la chance d\u2019habiter plus de 10 ans \u00e0 l\u2019\u00e9tranger (Mexique, Angleterre et Belgique) ce qui nous a donn\u00e9 \u00e0 tous une belle ouverture d\u2019esprit et la chance de parler tr\u00e8s bien l\u2019anglais et l\u2019espagnol.<\/p><a href=\"https:\/\/www.dijon-rentalapartment.com\/fr\/about-us\/\" class=\"sohohotel-button1\" >continuer...<\/a><div class=\"gallery\"><div class=\"gallery-item\"><div class=\"gallery-icon\"><a href=\"\" data-gal=\"prettyPhoto[gallery-80]\"><img src=\"\" alt=\"\"><\/a><\/div><\/div><br style=\"clear: both;\"><\/div><\/div><\/section>[\/vc_column][\/vc_row][vc_row css=\u00a0\u00bb.vc_custom_1685202082276{margin-top: 0px !important;margin-right: 0px !important;margin-bottom: 0px !important;margin-left: 0px !important;border-top-width: 0px !important;border-right-width: 0px !important;border-bottom-width: 0px !important;border-left-width: 0px !important;padding-top: 80px !important;padding-right: 0px !important;padding-bottom: 80px !important;padding-left: 0px !important;background-color: #f3f2e9 !important;}\u00a0\u00bb el_class=\u00a0\u00bbapartments-desktop\u00a0\u00bb][vc_column css=\u00a0\u00bb.vc_custom_1625647823481{margin-top: 0px !important;margin-right: 0px !important;margin-bottom: 0px !important;margin-left: 0px !important;border-top-width: 0px !important;border-right-width: 0px !important;border-bottom-width: 0px !important;border-left-width: 0px !important;padding-top: 0px !important;padding-right: 0px !important;padding-bottom: 0px !important;padding-left: 0px !important;}\u00a0\u00bb][vc_row_inner css=\u00a0\u00bb.vc_custom_1625647793106{margin-top: 0px !important;margin-right: 0px !important;margin-bottom: 0px !important;margin-left: 0px !important;border-top-width: 0px !important;border-right-width: 0px !important;border-bottom-width: 0px !important;border-left-width: 0px !important;padding-top: 0px !important;padding-right: 0px !important;padding-bottom: 0px !important;padding-left: 0px !important;}\u00a0\u00bb][vc_column_inner css=\u00a0\u00bb.vc_custom_1627546014696{margin-top: 0px !important;margin-right: 0px !important;margin-bottom: 0px !important;margin-left: 0px !important;border-top-width: 0px !important;border-right-width: 0px !important;border-bottom-width: 0px !important;border-left-width: 0px !important;padding-top: 0px !important;padding-right: 0px !important;padding-bottom: 0px !important;padding-left: 0px !important;}\u00a0\u00bb]<h3 class=\"sohohotel-title-28px sohohotel-clearfix sohohotel-title-center\">Nos 4 appartements<\/h3>[vc_column_text el_class=\u00a0\u00bbsohohotel-section-wrapper-1&Prime;][\/vc_column_text]\t\n\t<!-- BEGIN .shb-accommodation-listing-style-1 -->\n\t<div class=\"shb-accommodation-listing-style-1 shb-accommodation-listing-style-1-columns-3 sohohotel-owl-carousel-3\">\n\t\t\n\t\t\t\t\n\t\t<!-- BEGIN .shb-accommodation-listing-item -->\n\t\t<div class=\"shb-accommodation-listing-item\">\n\t\t\t\n\t\t\t\t\t\t\t<a href=\"https:\/\/www.dijon-rentalapartment.com\/fr\/h\u00e9bergement\/le-palais\/\" rel=\"bookmark\" title=\"Le Palais\">\n\t\t\t\t\t\t\t\t\t\t<img class=\"shb-accommodation-listing-image\" src=\"https:\/\/www.dijon-rentalapartment.com\/fr\/wp-content\/uploads\/sites\/3\/2022\/10\/Pelisson-4-rue-du-palais-Dijon-WEB-08.jpg\" alt=\"Le Palais\" \/>\t\t\t\t<\/a>\n\t\t\t\t\t\t\n\t\t\t<div class=\"shb-accommodation-listing-description-wrapper\">\n\t\t\t\t\n\t\t\t\t<h3><a href=\"https:\/\/www.dijon-rentalapartment.com\/fr\/h\u00e9bergement\/le-palais\/\" rel=\"bookmark\" title=\"Le Palais\">Le Palais<\/a><\/h3>\n\t\t\t\t\n\t\t\t\t<div class=\"shb-accommodation-listing-description shb-clearfix\">\n\t\t\t\t\t\n\t\t\t\t\t<ul>\r\n<li><i class=\"fas fa-user\"><\/i><span>Capacit\u00e9:<\/span> 6 personnes<\/li>\r\n<li><i class=\"fas fa-ruler-combined\"><\/i><span>Superficie:<\/span> 75 m2 - 3\u00e8me \u00e9tage<\/li>\r\n<li><i class=\"fas fa-binoculars\"><\/i><span>Situation:<\/span> Centre Historique<\/li>\r\n<\/ul>\t\t\t\t\t\n\t\t\t\t\t<a href=\"https:\/\/www.dijon-rentalapartment.com\/fr\/h\u00e9bergement\/le-palais\/\" class=\"shb-accommodation-listing-button1\">Book now<\/a>\n\t\t\t\t\t<a href=\"https:\/\/www.dijon-rentalapartment.com\/fr\/h\u00e9bergement\/le-palais\/\" class=\"shb-accommodation-listing-button2\">More details<i class=\"fas fa-chevron-right\"><\/i><\/a>\n\t\t\t\t\n\t\t\t\t<\/div>\n\t\t\t\t\n\t\t\t<\/div>\n\t\t\t\n\t\t<!-- END .shb-accommodation-listing-item -->\n\t\t<\/div>\n\t\t\n\t\t\t\t\n\t\t<!-- BEGIN .shb-accommodation-listing-item -->\n\t\t<div class=\"shb-accommodation-listing-item\">\n\t\t\t\n\t\t\t\t\t\t\t<a href=\"https:\/\/www.dijon-rentalapartment.com\/fr\/h\u00e9bergement\/le-pasteur\/\" rel=\"bookmark\" title=\"Le Pasteur\">\n\t\t\t\t\t\t\t\t\t\t<img class=\"shb-accommodation-listing-image\" src=\"https:\/\/www.dijon-rentalapartment.com\/fr\/wp-content\/uploads\/sites\/3\/2022\/10\/chambre-Pasteur-site.jpeg\" alt=\"Le Pasteur\" \/>\t\t\t\t<\/a>\n\t\t\t\t\t\t\n\t\t\t<div class=\"shb-accommodation-listing-description-wrapper\">\n\t\t\t\t\n\t\t\t\t<h3><a href=\"https:\/\/www.dijon-rentalapartment.com\/fr\/h\u00e9bergement\/le-pasteur\/\" rel=\"bookmark\" title=\"Le Pasteur\">Le Pasteur<\/a><\/h3>\n\t\t\t\t\n\t\t\t\t<div class=\"shb-accommodation-listing-description shb-clearfix\">\n\t\t\t\t\t\n\t\t\t\t\t<ul>\r\n<li><i class=\"fas fa-user\"><\/i><span>Capacit\u00e9:<\/span> 2-4 personnes<\/li>\r\n<li><i class=\"fas fa-ruler-combined\"><\/i><span>Superficie:<\/span> 55 m2 - Rez-de-chauss\u00e9e<\/li>\r\n<li><i class=\"fas fa-binoculars\"><\/i><span>Situation:<\/span> Centre Historique<\/li>\r\n<\/ul>\t\t\t\t\t\n\t\t\t\t\t<a href=\"https:\/\/www.dijon-rentalapartment.com\/fr\/h\u00e9bergement\/le-pasteur\/\" class=\"shb-accommodation-listing-button1\">Book Now<\/a>\n\t\t\t\t\t<a href=\"https:\/\/www.dijon-rentalapartment.com\/fr\/h\u00e9bergement\/le-pasteur\/\" class=\"shb-accommodation-listing-button2\">More details<i class=\"fas fa-chevron-right\"><\/i><\/a>\n\t\t\t\t\n\t\t\t\t<\/div>\n\t\t\t\t\n\t\t\t<\/div>\n\t\t\t\n\t\t<!-- END .shb-accommodation-listing-item -->\n\t\t<\/div>\n\t\t\n\t\t\t\t\n\t<!-- END .shb-accommodation-listing-style-1 -->\n\t<\/div>\n\t\n\t\t\n\t<!-- BEGIN .shb-accommodation-listing-style-1 -->\n\t<div class=\"shb-accommodation-listing-style-1 shb-accommodation-listing-style-1-columns-3 sohohotel-owl-carousel-3\">\n\t\t\n\t\t\t\t\n\t\t<!-- BEGIN .shb-accommodation-listing-item -->\n\t\t<div class=\"shb-accommodation-listing-item\">\n\t\t\t\n\t\t\t\t\t\t\t<a href=\"https:\/\/www.dijon-rentalapartment.com\/fr\/h\u00e9bergement\/les-bons-enfants\/\" rel=\"bookmark\" title=\"Les Bons Enfants\">\n\t\t\t\t\t\t\t\t\t\t<img class=\"shb-accommodation-listing-image\" src=\"https:\/\/www.dijon-rentalapartment.com\/fr\/wp-content\/uploads\/sites\/3\/2022\/10\/salle-a-manger-BE-site.jpg\" alt=\"Les Bons Enfants\" \/>\t\t\t\t<\/a>\n\t\t\t\t\t\t\n\t\t\t<div class=\"shb-accommodation-listing-description-wrapper\">\n\t\t\t\t\n\t\t\t\t<h3><a href=\"https:\/\/www.dijon-rentalapartment.com\/fr\/h\u00e9bergement\/les-bons-enfants\/\" rel=\"bookmark\" title=\"Les Bons Enfants\">Les Bons Enfants<\/a><\/h3>\n\t\t\t\t\n\t\t\t\t<div class=\"shb-accommodation-listing-description shb-clearfix\">\n\t\t\t\t\t\n\t\t\t\t\t<ul>\r\n<li><i class=\"fas fa-user\"><\/i><span>Capacit\u00e9:<\/span> 6 personnes<\/li>\r\n<li><i class=\"fas fa-ruler-combined\"><\/i><span>Superficie:<\/span> 75 m2 - 3\u00e8me \u00e9tage<\/li>\r\n<li><i class=\"fas fa-binoculars\"><\/i><span>Situation:<\/span> Centre Historique<\/li>\r\n<\/ul>\t\t\t\t\t\n\t\t\t\t\t<a href=\"https:\/\/www.dijon-rentalapartment.com\/fr\/h\u00e9bergement\/les-bons-enfants\/\" class=\"shb-accommodation-listing-button1\">Book Now<\/a>\n\t\t\t\t\t<a href=\"https:\/\/www.dijon-rentalapartment.com\/fr\/h\u00e9bergement\/les-bons-enfants\/\" class=\"shb-accommodation-listing-button2\">More details<i class=\"fas fa-chevron-right\"><\/i><\/a>\n\t\t\t\t\n\t\t\t\t<\/div>\n\t\t\t\t\n\t\t\t<\/div>\n\t\t\t\n\t\t<!-- END .shb-accommodation-listing-item -->\n\t\t<\/div>\n\t\t\n\t\t\t\t\n\t\t<!-- BEGIN .shb-accommodation-listing-item -->\n\t\t<div class=\"shb-accommodation-listing-item\">\n\t\t\t\n\t\t\t\t\t\t\t<a href=\"https:\/\/www.dijon-rentalapartment.com\/fr\/h\u00e9bergement\/le-loisy\/\" rel=\"bookmark\" title=\"Le Loisy\">\n\t\t\t\t\t\t\t\t\t\t<img class=\"shb-accommodation-listing-image\" src=\"https:\/\/www.dijon-rentalapartment.com\/fr\/wp-content\/uploads\/sites\/3\/2022\/10\/chambre-Loisy-site.jpeg\" alt=\"Le Loisy\" \/>\t\t\t\t<\/a>\n\t\t\t\t\t\t\n\t\t\t<div class=\"shb-accommodation-listing-description-wrapper\">\n\t\t\t\t\n\t\t\t\t<h3><a href=\"https:\/\/www.dijon-rentalapartment.com\/fr\/h\u00e9bergement\/le-loisy\/\" rel=\"bookmark\" title=\"Le Loisy\">Le Loisy<\/a><\/h3>\n\t\t\t\t\n\t\t\t\t<div class=\"shb-accommodation-listing-description shb-clearfix\">\n\t\t\t\t\t\n\t\t\t\t\t<ul>\r\n<li><i class=\"fas fa-user\"><\/i><span>Capacit\u00e9:<\/span> 2-4 personnes<\/li>\r\n<li><i class=\"fas fa-ruler-combined\"><\/i><span>Superficie:<\/span> 50 m2 - Rez-de-chauss\u00e9e<\/li>\r\n<li><i class=\"fas fa-binoculars\"><\/i><span>Situation:<\/span> Centre Historique<\/li>\r\n<\/ul>\t\t\t\t\t\n\t\t\t\t\t<a href=\"https:\/\/www.dijon-rentalapartment.com\/fr\/h\u00e9bergement\/le-loisy\/\" class=\"shb-accommodation-listing-button1\">Book Now<\/a>\n\t\t\t\t\t<a href=\"https:\/\/www.dijon-rentalapartment.com\/fr\/h\u00e9bergement\/le-loisy\/\" class=\"shb-accommodation-listing-button2\">More details<i class=\"fas fa-chevron-right\"><\/i><\/a>\n\t\t\t\t\n\t\t\t\t<\/div>\n\t\t\t\t\n\t\t\t<\/div>\n\t\t\t\n\t\t<!-- END .shb-accommodation-listing-item -->\n\t\t<\/div>\n\t\t\n\t\t\t\t\n\t<!-- END .shb-accommodation-listing-style-1 -->\n\t<\/div>\n\t\n\t[\/vc_column_inner][\/vc_row_inner][\/vc_column][\/vc_row][vc_row css=\u00a0\u00bb.vc_custom_1685202095099{margin-top: 0px !important;margin-right: 0px !important;margin-bottom: 0px !important;margin-left: 0px !important;border-top-width: 0px !important;border-right-width: 0px !important;border-bottom-width: 0px !important;border-left-width: 0px !important;padding-top: 80px !important;padding-right: 0px !important;padding-bottom: 80px !important;padding-left: 0px !important;background-color: #f3f2e9 !important;}\u00a0\u00bb el_class=\u00a0\u00bbapartments-mobile\u00a0\u00bb][vc_column css=\u00a0\u00bb.vc_custom_1625647823481{margin-top: 0px !important;margin-right: 0px !important;margin-bottom: 0px !important;margin-left: 0px !important;border-top-width: 0px !important;border-right-width: 0px !important;border-bottom-width: 0px !important;border-left-width: 0px !important;padding-top: 0px !important;padding-right: 0px !important;padding-bottom: 0px !important;padding-left: 0px !important;}\u00a0\u00bb][vc_row_inner css=\u00a0\u00bb.vc_custom_1625647793106{margin-top: 0px !important;margin-right: 0px !important;margin-bottom: 0px !important;margin-left: 0px !important;border-top-width: 0px !important;border-right-width: 0px !important;border-bottom-width: 0px !important;border-left-width: 0px !important;padding-top: 0px !important;padding-right: 0px !important;padding-bottom: 0px !important;padding-left: 0px !important;}\u00a0\u00bb][vc_column_inner css=\u00a0\u00bb.vc_custom_1627546014696{margin-top: 0px !important;margin-right: 0px !important;margin-bottom: 0px !important;margin-left: 0px !important;border-top-width: 0px !important;border-right-width: 0px !important;border-bottom-width: 0px !important;border-left-width: 0px !important;padding-top: 0px !important;padding-right: 0px !important;padding-bottom: 0px !important;padding-left: 0px !important;}\u00a0\u00bb]<h3 class=\"sohohotel-title-28px sohohotel-clearfix sohohotel-title-center\">Nos 4 appartements<\/h3>[vc_column_text el_class=\u00a0\u00bbsohohotel-section-wrapper-1&Prime;][\/vc_column_text]\t\t\n\t\t\t\t\n\t\t<!-- BEGIN .shb-accommodation-listing-style-1 -->\n\t\t<div class=\"shb-accommodation-listing-style-1 shb-accommodation-listing-style-1-columns-2\">\n\t\t\t\n\t\t\t\t\n\t\t\t<!-- BEGIN .shb-accommodation-listing-item -->\n\t\t\t<div class=\"shb-accommodation-listing-item\">\n\t\t\t\n\t\t\t\t\t\t\t\t\t<a href=\"https:\/\/www.dijon-rentalapartment.com\/fr\/h\u00e9bergement\/le-palais\/\" rel=\"bookmark\" title=\"Le Palais\">\n\t\t\t\t\t\t\t\t\t\t\t\t<img class=\"shb-accommodation-listing-image\" src=\"https:\/\/www.dijon-rentalapartment.com\/fr\/wp-content\/uploads\/sites\/3\/2022\/10\/Pelisson-4-rue-du-palais-Dijon-WEB-08.jpg\" alt=\"Le Palais\" \/>\t\t\t\t\t<\/a>\n\t\t\t\t\t\t\t\n\t\t\t\t<div class=\"shb-accommodation-listing-description-wrapper\">\n\t\t\t\t\n\t\t\t\t\t<h3><a href=\"https:\/\/www.dijon-rentalapartment.com\/fr\/h\u00e9bergement\/le-palais\/\" rel=\"bookmark\" title=\"Le Palais\">Le Palais<\/a><\/h3>\n\t\t\t\t\n\t\t\t\t\t<div class=\"shb-accommodation-listing-description shb-clearfix\">\n\t\t\t\t\t\t<ul>\r\n<li><i class=\"fas fa-user\"><\/i><span>Capacit\u00e9:<\/span> 6 personnes<\/li>\r\n<li><i class=\"fas fa-ruler-combined\"><\/i><span>Superficie:<\/span> 75 m2 - 3\u00e8me \u00e9tage<\/li>\r\n<li><i class=\"fas fa-binoculars\"><\/i><span>Situation:<\/span> Centre Historique<\/li>\r\n<\/ul>\t\t\t\t\t\t<a href=\"https:\/\/www.dijon-rentalapartment.com\/fr\/h\u00e9bergement\/le-palais\/\" class=\"shb-accommodation-listing-button1\">Book now<\/a>\n\t\t\t\t\t\t<a href=\"https:\/\/www.dijon-rentalapartment.com\/fr\/h\u00e9bergement\/le-palais\/\" class=\"shb-accommodation-listing-button2\">More details<i class=\"fas fa-chevron-right\"><\/i><\/a>\n\t\t\t\t\t<\/div>\n\t\t\t\t\n\t\t\t\t<\/div>\n\t\t\t\n\t\t\t<!-- END .shb-accommodation-listing-item -->\n\t\t\t<\/div>\n\t\t\n\t\t\t\t\n\t\t\t<!-- BEGIN .shb-accommodation-listing-item -->\n\t\t\t<div class=\"shb-accommodation-listing-item\">\n\t\t\t\n\t\t\t\t\t\t\t\t\t<a href=\"https:\/\/www.dijon-rentalapartment.com\/fr\/h\u00e9bergement\/les-bons-enfants\/\" rel=\"bookmark\" title=\"Les Bons Enfants\">\n\t\t\t\t\t\t\t\t\t\t\t\t<img class=\"shb-accommodation-listing-image\" src=\"https:\/\/www.dijon-rentalapartment.com\/fr\/wp-content\/uploads\/sites\/3\/2022\/10\/salle-a-manger-BE-site.jpg\" alt=\"Les Bons Enfants\" \/>\t\t\t\t\t<\/a>\n\t\t\t\t\t\t\t\n\t\t\t\t<div class=\"shb-accommodation-listing-description-wrapper\">\n\t\t\t\t\n\t\t\t\t\t<h3><a href=\"https:\/\/www.dijon-rentalapartment.com\/fr\/h\u00e9bergement\/les-bons-enfants\/\" rel=\"bookmark\" title=\"Les Bons Enfants\">Les Bons Enfants<\/a><\/h3>\n\t\t\t\t\n\t\t\t\t\t<div class=\"shb-accommodation-listing-description shb-clearfix\">\n\t\t\t\t\t\t<ul>\r\n<li><i class=\"fas fa-user\"><\/i><span>Capacit\u00e9:<\/span> 6 personnes<\/li>\r\n<li><i class=\"fas fa-ruler-combined\"><\/i><span>Superficie:<\/span> 75 m2 - 3\u00e8me \u00e9tage<\/li>\r\n<li><i class=\"fas fa-binoculars\"><\/i><span>Situation:<\/span> Centre Historique<\/li>\r\n<\/ul>\t\t\t\t\t\t<a href=\"https:\/\/www.dijon-rentalapartment.com\/fr\/h\u00e9bergement\/les-bons-enfants\/\" class=\"shb-accommodation-listing-button1\">Book Now<\/a>\n\t\t\t\t\t\t<a href=\"https:\/\/www.dijon-rentalapartment.com\/fr\/h\u00e9bergement\/les-bons-enfants\/\" class=\"shb-accommodation-listing-button2\">More details<i class=\"fas fa-chevron-right\"><\/i><\/a>\n\t\t\t\t\t<\/div>\n\t\t\t\t\n\t\t\t\t<\/div>\n\t\t\t\n\t\t\t<!-- END .shb-accommodation-listing-item -->\n\t\t\t<\/div>\n\t\t\n\t\t\t\t\n\t\t\t<!-- BEGIN .shb-accommodation-listing-item -->\n\t\t\t<div class=\"shb-accommodation-listing-item\">\n\t\t\t\n\t\t\t\t\t\t\t\t\t<a href=\"https:\/\/www.dijon-rentalapartment.com\/fr\/h\u00e9bergement\/le-loisy\/\" rel=\"bookmark\" title=\"Le Loisy\">\n\t\t\t\t\t\t\t\t\t\t\t\t<img class=\"shb-accommodation-listing-image\" src=\"https:\/\/www.dijon-rentalapartment.com\/fr\/wp-content\/uploads\/sites\/3\/2022\/10\/chambre-Loisy-site.jpeg\" alt=\"Le Loisy\" \/>\t\t\t\t\t<\/a>\n\t\t\t\t\t\t\t\n\t\t\t\t<div class=\"shb-accommodation-listing-description-wrapper\">\n\t\t\t\t\n\t\t\t\t\t<h3><a href=\"https:\/\/www.dijon-rentalapartment.com\/fr\/h\u00e9bergement\/le-loisy\/\" rel=\"bookmark\" title=\"Le Loisy\">Le Loisy<\/a><\/h3>\n\t\t\t\t\n\t\t\t\t\t<div class=\"shb-accommodation-listing-description shb-clearfix\">\n\t\t\t\t\t\t<ul>\r\n<li><i class=\"fas fa-user\"><\/i><span>Capacit\u00e9:<\/span> 2-4 personnes<\/li>\r\n<li><i class=\"fas fa-ruler-combined\"><\/i><span>Superficie:<\/span> 50 m2 - Rez-de-chauss\u00e9e<\/li>\r\n<li><i class=\"fas fa-binoculars\"><\/i><span>Situation:<\/span> Centre Historique<\/li>\r\n<\/ul>\t\t\t\t\t\t<a href=\"https:\/\/www.dijon-rentalapartment.com\/fr\/h\u00e9bergement\/le-loisy\/\" class=\"shb-accommodation-listing-button1\">Book Now<\/a>\n\t\t\t\t\t\t<a href=\"https:\/\/www.dijon-rentalapartment.com\/fr\/h\u00e9bergement\/le-loisy\/\" class=\"shb-accommodation-listing-button2\">More details<i class=\"fas fa-chevron-right\"><\/i><\/a>\n\t\t\t\t\t<\/div>\n\t\t\t\t\n\t\t\t\t<\/div>\n\t\t\t\n\t\t\t<!-- END .shb-accommodation-listing-item -->\n\t\t\t<\/div>\n\t\t\n\t\t\t\t\n\t\t\t<!-- BEGIN .shb-accommodation-listing-item -->\n\t\t\t<div class=\"shb-accommodation-listing-item\">\n\t\t\t\n\t\t\t\t\t\t\t\t\t<a href=\"https:\/\/www.dijon-rentalapartment.com\/fr\/h\u00e9bergement\/le-pasteur\/\" rel=\"bookmark\" title=\"Le Pasteur\">\n\t\t\t\t\t\t\t\t\t\t\t\t<img class=\"shb-accommodation-listing-image\" src=\"https:\/\/www.dijon-rentalapartment.com\/fr\/wp-content\/uploads\/sites\/3\/2022\/10\/chambre-Pasteur-site.jpeg\" alt=\"Le Pasteur\" \/>\t\t\t\t\t<\/a>\n\t\t\t\t\t\t\t\n\t\t\t\t<div class=\"shb-accommodation-listing-description-wrapper\">\n\t\t\t\t\n\t\t\t\t\t<h3><a href=\"https:\/\/www.dijon-rentalapartment.com\/fr\/h\u00e9bergement\/le-pasteur\/\" rel=\"bookmark\" title=\"Le Pasteur\">Le Pasteur<\/a><\/h3>\n\t\t\t\t\n\t\t\t\t\t<div class=\"shb-accommodation-listing-description shb-clearfix\">\n\t\t\t\t\t\t<ul>\r\n<li><i class=\"fas fa-user\"><\/i><span>Capacit\u00e9:<\/span> 2-4 personnes<\/li>\r\n<li><i class=\"fas fa-ruler-combined\"><\/i><span>Superficie:<\/span> 55 m2 - Rez-de-chauss\u00e9e<\/li>\r\n<li><i class=\"fas fa-binoculars\"><\/i><span>Situation:<\/span> Centre Historique<\/li>\r\n<\/ul>\t\t\t\t\t\t<a href=\"https:\/\/www.dijon-rentalapartment.com\/fr\/h\u00e9bergement\/le-pasteur\/\" class=\"shb-accommodation-listing-button1\">Book Now<\/a>\n\t\t\t\t\t\t<a href=\"https:\/\/www.dijon-rentalapartment.com\/fr\/h\u00e9bergement\/le-pasteur\/\" class=\"shb-accommodation-listing-button2\">More details<i class=\"fas fa-chevron-right\"><\/i><\/a>\n\t\t\t\t\t<\/div>\n\t\t\t\t\n\t\t\t\t<\/div>\n\t\t\t\n\t\t\t<!-- END .shb-accommodation-listing-item -->\n\t\t\t<\/div>\n\t\t\n\t\t\t\t\t\n\t\t<!-- END .shb-accommodation-listing-style-1 -->\n\t\t<\/div>\n\t\n\t\t\n\t\t\n\t[\/vc_column_inner][\/vc_row_inner][\/vc_column][\/vc_row]<\/p>\n<\/section>","protected":false},"excerpt":{"rendered":"<p>[vc_row fixed_width=\u00a0\u00bbtrue\u00a0\u00bb css=\u00a0\u00bb.vc_custom_1678373974481{margin-top: 50px !important;margin-right: 0px !important;margin-bottom: 0px !important;margin-left: 0px !important;border-top-width: 0px !important;border-right-width: 0px !important;border-bottom-width: 0px !important;border-left-width: 0px !important;padding-top: 0px !important;padding-right: 0px !important;padding-bottom: 0px !important;padding-left: 0px !important;background-color: #f2f2f3 !important;}\u00a0\u00bb][vc_column css=\u00a0\u00bb.vc_custom_1626769422811{margin-top: 0px !important;margin-right: 0px !important;margin-bottom: 0px !important;margin-left: 0px !important;border-top-width: 0px !important;border-right-width: 0px !important;border-bottom-width: 0px !important;border-left-width: 0px !important;padding-top: 0px !important;padding-right: 0px !important;padding-bottom: 0px !important;padding-left: 0px !important;}\u00a0\u00bb][\/vc_column][\/vc_row][vc_row css=\u00a0\u00bb.vc_custom_1666689523539{margin-top:<\/p>\n<a href=\"https:\/\/www.dijon-rentalapartment.com\/fr\/h\u00e9bergement\/le-pasteur\/\" class=\"sohohotel-more-link\">Read More<\/a>","protected":false},"author":1,"featured_media":0,"parent":0,"menu_order":0,"comment_status":"closed","ping_status":"closed","template":"","meta":[],"_links":{"self":[{"href":"https:\/\/www.dijon-rentalapartment.com\/fr\/wp-json\/wp\/v2\/pages\/83"}],"collection":[{"href":"https:\/\/www.dijon-rentalapartment.com\/fr\/wp-json\/wp\/v2\/pages"}],"about":[{"href":"https:\/\/www.dijon-rentalapartment.com\/fr\/wp-json\/wp\/v2\/types\/page"}],"author":[{"embeddable":true,"href":"https:\/\/www.dijon-rentalapartment.com\/fr\/wp-json\/wp\/v2\/users\/1"}],"replies":[{"embeddable":true,"href":"https:\/\/www.dijon-rentalapartment.com\/fr\/wp-json\/wp\/v2\/comments?post=83"}],"version-history":[{"count":14,"href":"https:\/\/www.dijon-rentalapartment.com\/fr\/wp-json\/wp\/v2\/pages\/83\/revisions"}],"predecessor-version":[{"id":2835,"href":"https:\/\/www.dijon-rentalapartment.com\/fr\/wp-json\/wp\/v2\/pages\/83\/revisions\/2835"}],"wp:attachment":[{"href":"https:\/\/www.dijon-rentalapartment.com\/fr\/wp-json\/wp\/v2\/media?parent=83"}],"curies":[{"name":"wp","href":"https:\/\/api.w.org\/{rel}","templated":true}]}}