{"id":998,"date":"2022-10-24T15:40:31","date_gmt":"2022-10-24T14:40:31","guid":{"rendered":"http:\/\/www.dijon-rentalapartment.com\/?page_id=3"},"modified":"2023-05-27T08:56:26","modified_gmt":"2023-05-27T07:56:26","slug":"privacy-policy","status":"publish","type":"page","link":"https:\/\/www.dijon-rentalapartment.com\/fr\/privacy-policy\/","title":{"rendered":"Politique de Confidentialit\u00e9"},"content":{"rendered":"<section class=\"wpb-content-wrapper\"><p>[vc_row el_class=\u00a0\u00bbsohohotel-content-inner\u00a0\u00bb][vc_column][vc_empty_space height=\u00a0\u00bb40px\u00a0\u00bb]<h3 class=\"sohohotel-title-25px sohohotel-clearfix sohohotel-title-left\">Politique de Confidentialit\u00e9<\/h3>[vc_column_text]<br \/>\nLes Apparts s&rsquo;engage \u00e0 prot\u00e9ger les informations personnelles que vous pourriez nous fournir. En particulier, nous pensons qu&rsquo;il est important que vous sachiez comment nous traitons les informations vous concernant que nous recevons de ce site Web.<\/p>\n<p>Cette politique de confidentialit\u00e9 explique comment\u00a0Les Apparts\u00a0peut collecter des informations aupr\u00e8s de vous via notre site Web et comment ces informations peuvent \u00eatre utilis\u00e9es par la suite. Si vous avez des questions concernant cette politique de confidentialit\u00e9, veuillez contacter info@dijon-rentalapartment.com<\/p>\n<p>En utilisant notre site Web, vous acceptez les conditions \u00e9nonc\u00e9es ici. En revanche si vous n&rsquo;acceptez pas ces conditions, vous ne devez pas utiliser notre site Web.<\/p>\n<p>Les termes contenus dans cette politique de confidentialit\u00e9 concernent le site Web de Les Apparts. Nous fournissons \u00e9galement des liens et avons des accords avec d&rsquo;autres sites Web \u00e0 des fins de marketing et autres que vous pouvez visiter directement via notre site Web, mais nous ne sommes pas responsables de ces sites Web ni de leurs pratiques\/politiques de s\u00e9curit\u00e9 ou de confidentialit\u00e9. Ces sites Web ne sont pas soumis aux conditions contenues dans cette politique.<\/p>\n<p>Il vous est conseill\u00e9 de lire les termes et conditions et la politique de confidentialit\u00e9 de chaque site Web individuel pour votre propre s\u00e9curit\u00e9.<\/p>\n<p>Nous nous r\u00e9servons le droit de modifier le contenu de cette politique qui est susceptible d&rsquo;\u00eatre modifi\u00e9 sans pr\u00e9avis. Il vous est conseill\u00e9 de lire r\u00e9guli\u00e8rement cette politique lorsque vous visitez notre site Web.<\/p>\n<p><strong>Quelles informations collectons-nous?<\/strong><\/p>\n<p>Nous recueillons des informations aupr\u00e8s de vous lorsque vous effectuez une r\u00e9servation.<br \/>\nLors de la r\u00e9servation ou de l&rsquo;inscription sur notre site, selon le cas, il peut vous \u00eatre demand\u00e9 d&rsquo;entrer votre : nom, adresse e-mail, adresse postale et num\u00e9ro de t\u00e9l\u00e9phone.<\/p>\n<p><strong>Pourquoi utilisons-nous vos informations\u00a0?<\/strong><\/p>\n<p>Toutes les informations que nous recueillons aupr\u00e8s de vous peuvent \u00eatre utilis\u00e9es de l&rsquo;une des mani\u00e8res suivantes\u00a0:<br \/>\n&#8211; pour traiter les transactions, vos informations, qu&rsquo;elles soient publiques ou priv\u00e9es, ne seront pas vendues, \u00e9chang\u00e9es, transf\u00e9r\u00e9es ou donn\u00e9es \u00e0 une autre soci\u00e9t\u00e9 pour quelque raison que ce soit, sans votre consentement, sauf dans le but expr\u00e8s de fournir les d\u00e9tails de r\u00e9servation demand\u00e9s.<br \/>\n&#8211; pour envoyer des e-mails p\u00e9riodiques, l&rsquo;adresse e-mail que vous fournissez pour le traitement des commandes ne sera utilis\u00e9e que pour vous envoyer des informations et des mises \u00e0 jour concernant vos r\u00e9servations et des mises \u00e0 jour concernant Les Apparts et ses services.<\/p>\n<p><strong>Comment prot\u00e9geons-nous vos informations?<\/strong><\/p>\n<p>Nous mettons en \u0153uvre une vari\u00e9t\u00e9 de mesures de s\u00e9curit\u00e9 afin de s\u00e9curiser vos informations personnelles lorsque vous passez une commande ou acc\u00e9dez \u00e0 vos informations personnelles.<\/p>\n<p>Nous offrons l&rsquo;utilisation d&rsquo;un serveur s\u00e9curis\u00e9. Toutes les informations sensibles fournies sont transmises via la technologie Secure Socket Layer (SSL), puis crypt\u00e9es dans notre base de donn\u00e9es de fournisseurs de passerelles de paiement pour \u00eatre accessibles uniquement par les personnes autoris\u00e9es avec des droits d&rsquo;acc\u00e8s sp\u00e9ciaux \u00e0 ces syst\u00e8mes, et sont tenues de garder les informations confidentielles.<\/p>\n<p>Apr\u00e8s une transaction, vos informations priv\u00e9es (cartes de cr\u00e9dit, etc.) ne seront pas stock\u00e9es sur nos serveurs.<\/p>\n<p><strong>Divulguons-nous des informations \u00e0 des tiers ?<\/strong><\/p>\n<p>Nous ne vendons, n&rsquo;\u00e9changeons ni ne transf\u00e9rons \u00e0 des tiers vos informations personnellement identifiables. Cela n&rsquo;inclut pas les tiers de confiance qui nous aident \u00e0 exploiter notre site Web, \u00e0 mener nos activit\u00e9s ou \u00e0 vous servir, tant que ces parties acceptent de garder ces informations confidentielles.<\/p>\n<p>Nous pouvons \u00e9galement divulguer vos informations lorsque nous pensons que la divulgation est appropri\u00e9e pour se conformer \u00e0 la loi, appliquer les politiques de notre site ou prot\u00e9ger nos droits, notre propri\u00e9t\u00e9 ou notre s\u00e9curit\u00e9 ou ceux d&rsquo;autrui.<br \/>\nCependant, des informations non personnellement identifiables sur les visiteurs peuvent \u00eatre fournies \u00e0 d&rsquo;autres parties \u00e0 des fins de marketing, de publicit\u00e9 ou \u00e0 d&rsquo;autres fins.<\/p>\n<p><strong>Politique de confidentialit\u00e9 en ligne uniquement<\/strong><\/p>\n<p>Cette politique de confidentialit\u00e9 en ligne s&rsquo;applique uniquement aux informations collect\u00e9es via notre site Web et non aux informations collect\u00e9es hors ligne.<\/p>\n<p><strong>Votre consentement<\/strong><\/p>\n<p>En utilisant notre site, vous consentez \u00e0 la politique de confidentialit\u00e9 de notre site Web.<\/p>\n<p><strong>Acc\u00e8s aux informations collect\u00e9es<\/strong><\/p>\n<p>Vous pouvez consulter et mettre \u00e0 jour les informations que vous nous fournissez via ce site Web en nous contactant sur info@dijon-rentalapartment.com<\/p>\n<p><strong>Nous contacter<\/strong><\/p>\n<p>Si vous avez des questions sur cette politique de confidentialit\u00e9, ou si vous ne souhaitez plus recevoir les newsletters et autres services auxquels vous vous \u00eates inscrit, veuillez nous envoyer un e-mail \u00e0\u00a0info@dijon-rentalapartment.com. Nous accueillons vos questions et suggestions concernant notre politique de confidentialit\u00e9.<\/p>\n<\/section>","protected":false},"excerpt":{"rendered":"<p>[vc_row el_class=\u00a0\u00bbsohohotel-content-inner\u00a0\u00bb][vc_column][vc_empty_space height=\u00a0\u00bb40px\u00a0\u00bb][vc_column_text] Les Apparts s&rsquo;engage \u00e0 prot\u00e9ger les informations personnelles que vous pourriez nous fournir. En particulier, nous pensons qu&rsquo;il est important que vous sachiez comment nous traitons les informations vous concernant que nous recevons de ce site Web. Cette politique de confidentialit\u00e9 explique comment\u00a0Les Apparts\u00a0peut collecter des informations aupr\u00e8s de vous via notre<\/p>\n<a href=\"https:\/\/www.dijon-rentalapartment.com\/fr\/privacy-policy\/\" class=\"sohohotel-more-link\">Read More<\/a>","protected":false},"author":1,"featured_media":997,"parent":0,"menu_order":0,"comment_status":"closed","ping_status":"open","template":"","meta":[],"_links":{"self":[{"href":"https:\/\/www.dijon-rentalapartment.com\/fr\/wp-json\/wp\/v2\/pages\/998"}],"collection":[{"href":"https:\/\/www.dijon-rentalapartment.com\/fr\/wp-json\/wp\/v2\/pages"}],"about":[{"href":"https:\/\/www.dijon-rentalapartment.com\/fr\/wp-json\/wp\/v2\/types\/page"}],"author":[{"embeddable":true,"href":"https:\/\/www.dijon-rentalapartment.com\/fr\/wp-json\/wp\/v2\/users\/1"}],"replies":[{"embeddable":true,"href":"https:\/\/www.dijon-rentalapartment.com\/fr\/wp-json\/wp\/v2\/comments?post=998"}],"version-history":[{"count":4,"href":"https:\/\/www.dijon-rentalapartment.com\/fr\/wp-json\/wp\/v2\/pages\/998\/revisions"}],"predecessor-version":[{"id":2834,"href":"https:\/\/www.dijon-rentalapartment.com\/fr\/wp-json\/wp\/v2\/pages\/998\/revisions\/2834"}],"wp:featuredmedia":[{"embeddable":true,"href":"https:\/\/www.dijon-rentalapartment.com\/fr\/wp-json\/wp\/v2\/media\/997"}],"wp:attachment":[{"href":"https:\/\/www.dijon-rentalapartment.com\/fr\/wp-json\/wp\/v2\/media?parent=998"}],"curies":[{"name":"wp","href":"https:\/\/api.w.org\/{rel}","templated":true}]}}